{"id":6528,"date":"2025-06-09T17:21:23","date_gmt":"2025-06-09T15:21:23","guid":{"rendered":"https:\/\/hotelancora.net\/?page_id=6528"},"modified":"2026-02-19T15:21:09","modified_gmt":"2026-02-19T14:21:09","slug":"regala","status":"publish","type":"page","link":"https:\/\/hotelancora.net\/es\/regala\/","title":{"rendered":"Regala"},"content":{"rendered":"\t\t<div data-elementor-type=\"wp-page\" data-elementor-id=\"6528\" class=\"elementor elementor-6528\" data-elementor-post-type=\"page\">\n\t\t\t\t<div class=\"elementor-element elementor-element-3e31350 e-flex e-con-boxed e-con e-parent\" data-id=\"3e31350\" data-element_type=\"container\" data-e-type=\"container\" data-settings=\"{&quot;background_background&quot;:&quot;classic&quot;}\">\n\t\t\t\t\t<div class=\"e-con-inner\">\n\t\t\t\t<div class=\"elementor-element elementor-element-0a7ce23 elementor-widget elementor-widget-heading\" data-id=\"0a7ce23\" data-element_type=\"widget\" data-e-type=\"widget\" data-widget_type=\"heading.default\">\n\t\t\t\t<div class=\"elementor-widget-container\">\n\t\t\t\t\t<h2 class=\"elementor-heading-title elementor-size-default\">Regala momentos<br>\nen La Fosca\n<\/h2>\t\t\t\t<\/div>\n\t\t\t\t<\/div>\n\t\t<div class=\"elementor-element elementor-element-c4705d8 e-con-full e-flex e-con e-child\" data-id=\"c4705d8\" data-element_type=\"container\" data-e-type=\"container\">\n\t\t<div class=\"elementor-element elementor-element-63c077d e-grid e-con-full e-con e-child\" data-id=\"63c077d\" data-element_type=\"container\" data-e-type=\"container\">\n\t\t\t\t<div class=\"elementor-element elementor-element-4e2018a elementor-widget elementor-widget-button\" data-id=\"4e2018a\" data-element_type=\"widget\" data-e-type=\"widget\" data-widget_type=\"button.default\">\n\t\t\t\t<div class=\"elementor-widget-container\">\n\t\t\t\t\t\t\t\t\t<div class=\"elementor-button-wrapper\">\n\t\t\t\t\t<a class=\"elementor-button elementor-button-link elementor-size-sm\" href=\"https:\/\/hotelancora.net\/es\/reservar\/\">\n\t\t\t\t\t\t<span class=\"elementor-button-content-wrapper\">\n\t\t\t\t\t\t\t\t\t<span class=\"elementor-button-text\">RESERVAR HABITACI\u00d3N<\/span>\n\t\t\t\t\t<\/span>\n\t\t\t\t\t<\/a>\n\t\t\t\t<\/div>\n\t\t\t\t\t\t\t\t<\/div>\n\t\t\t\t<\/div>\n\t\t\t\t<div class=\"elementor-element elementor-element-3462683 elementor-widget elementor-widget-button\" data-id=\"3462683\" data-element_type=\"widget\" data-e-type=\"widget\" data-widget_type=\"button.default\">\n\t\t\t\t<div class=\"elementor-widget-container\">\n\t\t\t\t\t\t\t\t\t<div class=\"elementor-button-wrapper\">\n\t\t\t\t\t<a class=\"elementor-button elementor-button-link elementor-size-sm\" href=\"https:\/\/hotelancora.net\/es\/reservar\/\">\n\t\t\t\t\t\t<span class=\"elementor-button-content-wrapper\">\n\t\t\t\t\t\t\t\t\t<span class=\"elementor-button-text\">RESERVAR APARTAMENTO<\/span>\n\t\t\t\t\t<\/span>\n\t\t\t\t\t<\/a>\n\t\t\t\t<\/div>\n\t\t\t\t\t\t\t\t<\/div>\n\t\t\t\t<\/div>\n\t\t\t\t<\/div>\n\t\t\t\t<\/div>\n\t\t\t\t\t<\/div>\n\t\t\t\t<\/div>\n\t\t<div class=\"elementor-element elementor-element-9ef9b0c e-flex e-con-boxed e-con e-parent\" data-id=\"9ef9b0c\" data-element_type=\"container\" data-e-type=\"container\" data-settings=\"{&quot;background_background&quot;:&quot;classic&quot;}\">\n\t\t\t\t\t<div class=\"e-con-inner\">\n\t\t\t\t<div class=\"elementor-element elementor-element-4c39fc4 centrado-manual elementor-widget elementor-widget-text-editor\" data-id=\"4c39fc4\" data-element_type=\"widget\" data-e-type=\"widget\" id=\"centrado-manual\" data-widget_type=\"text-editor.default\">\n\t\t\t\t<div class=\"elementor-widget-container\">\n\t\t\t\t\t\t\t\t\t<p><span style=\"font-weight: 400;\">\u00bfQuieres hacer un regalo especial y diferente?<\/span><span style=\"font-weight: 400;\"><br \/><\/span><span style=\"font-weight: 400;\">En el Hotel \u00c0ncora te ofrecemos la posibilidad de regalar experiencias en Palam\u00f3s:<\/span><span style=\"font-weight: 400;\"><br \/><\/span><span style=\"font-weight: 400;\">una escapada a La Fosca, una comida para dos personas o lo que t\u00fa decidas.<\/span><\/p><p><span style=\"font-weight: 400;\">Nuestros cheques regalo son personalizados, flexibles y sin fecha fija.<\/span><span style=\"font-weight: 400;\"><br \/><\/span><span style=\"font-weight: 400;\">T\u00fa eliges el importe, el tipo de experiencia y el mensaje que quieres incluir.<\/span><\/p>\t\t\t\t\t\t\t\t<\/div>\n\t\t\t\t<\/div>\n\t\t\t\t\t<\/div>\n\t\t\t\t<\/div>\n\t\t<div class=\"elementor-element elementor-element-f98a991 e-flex e-con-boxed e-con e-parent\" data-id=\"f98a991\" data-element_type=\"container\" data-e-type=\"container\" data-settings=\"{&quot;background_background&quot;:&quot;classic&quot;}\">\n\t\t\t\t\t<div class=\"e-con-inner\">\n\t\t<div class=\"elementor-element elementor-element-d3d51c0 e-con-full e-flex e-con e-child\" data-id=\"d3d51c0\" data-element_type=\"container\" data-e-type=\"container\">\n\t\t\t\t<div class=\"elementor-element elementor-element-11e8c06 elementor-widget elementor-widget-image\" data-id=\"11e8c06\" data-element_type=\"widget\" data-e-type=\"widget\" data-widget_type=\"image.default\">\n\t\t\t\t<div class=\"elementor-widget-container\">\n\t\t\t\t\t\t\t\t\t\t\t\t\t\t\t<img fetchpriority=\"high\" decoding=\"async\" width=\"459\" height=\"559\" src=\"https:\/\/hotelancora.net\/wp-content\/uploads\/2025\/05\/PHOTO-2025-04-23-08-25-23-2-3.png\" class=\"attachment-large size-large wp-image-5720\" alt=\"\" srcset=\"https:\/\/hotelancora.net\/wp-content\/uploads\/2025\/05\/PHOTO-2025-04-23-08-25-23-2-3.png 459w, https:\/\/hotelancora.net\/wp-content\/uploads\/2025\/05\/PHOTO-2025-04-23-08-25-23-2-3-246x300.png 246w\" sizes=\"(max-width: 459px) 100vw, 459px\" \/>\t\t\t\t\t\t\t\t\t\t\t\t\t\t\t<\/div>\n\t\t\t\t<\/div>\n\t\t\t\t<div class=\"elementor-element elementor-element-47915d9 elementor-widget elementor-widget-heading\" data-id=\"47915d9\" data-element_type=\"widget\" data-e-type=\"widget\" data-widget_type=\"heading.default\">\n\t\t\t\t<div class=\"elementor-widget-container\">\n\t\t\t\t\t<h4 class=\"elementor-heading-title elementor-size-default\">Elige el importe y la experiencia<\/h4>\t\t\t\t<\/div>\n\t\t\t\t<\/div>\n\t\t\t\t<\/div>\n\t\t<div class=\"elementor-element elementor-element-a3351d1 e-con-full e-flex e-con e-child\" data-id=\"a3351d1\" data-element_type=\"container\" data-e-type=\"container\">\n\t\t\t\t<div class=\"elementor-element elementor-element-c42f196 elementor-widget elementor-widget-image\" data-id=\"c42f196\" data-element_type=\"widget\" data-e-type=\"widget\" data-widget_type=\"image.default\">\n\t\t\t\t<div class=\"elementor-widget-container\">\n\t\t\t\t\t\t\t\t\t\t\t\t\t\t\t<img decoding=\"async\" width=\"467\" height=\"567\" src=\"https:\/\/hotelancora.net\/wp-content\/uploads\/2025\/06\/IMG_8758-1.png\" class=\"attachment-large size-large wp-image-7171\" alt=\"\" srcset=\"https:\/\/hotelancora.net\/wp-content\/uploads\/2025\/06\/IMG_8758-1.png 467w, https:\/\/hotelancora.net\/wp-content\/uploads\/2025\/06\/IMG_8758-1-247x300.png 247w\" sizes=\"(max-width: 467px) 100vw, 467px\" \/>\t\t\t\t\t\t\t\t\t\t\t\t\t\t\t<\/div>\n\t\t\t\t<\/div>\n\t\t\t\t<div class=\"elementor-element elementor-element-722f35d elementor-widget elementor-widget-heading\" data-id=\"722f35d\" data-element_type=\"widget\" data-e-type=\"widget\" data-widget_type=\"heading.default\">\n\t\t\t\t<div class=\"elementor-widget-container\">\n\t\t\t\t\t<h4 class=\"elementor-heading-title elementor-size-default\">Personaliza el mensaje<\/h4>\t\t\t\t<\/div>\n\t\t\t\t<\/div>\n\t\t\t\t<\/div>\n\t\t<div class=\"elementor-element elementor-element-02492db e-con-full e-flex e-con e-child\" data-id=\"02492db\" data-element_type=\"container\" data-e-type=\"container\">\n\t\t\t\t<div class=\"elementor-element elementor-element-57b56c4 elementor-widget elementor-widget-image\" data-id=\"57b56c4\" data-element_type=\"widget\" data-e-type=\"widget\" data-widget_type=\"image.default\">\n\t\t\t\t<div class=\"elementor-widget-container\">\n\t\t\t\t\t\t\t\t\t\t\t\t\t\t\t<img decoding=\"async\" width=\"459\" height=\"559\" src=\"https:\/\/hotelancora.net\/wp-content\/uploads\/2025\/06\/DSC_9843-26-1.png\" class=\"attachment-large size-large wp-image-6937\" alt=\"\" srcset=\"https:\/\/hotelancora.net\/wp-content\/uploads\/2025\/06\/DSC_9843-26-1.png 459w, https:\/\/hotelancora.net\/wp-content\/uploads\/2025\/06\/DSC_9843-26-1-246x300.png 246w\" sizes=\"(max-width: 459px) 100vw, 459px\" \/>\t\t\t\t\t\t\t\t\t\t\t\t\t\t\t<\/div>\n\t\t\t\t<\/div>\n\t\t\t\t<div class=\"elementor-element elementor-element-d82fc91 elementor-widget elementor-widget-heading\" data-id=\"d82fc91\" data-element_type=\"widget\" data-e-type=\"widget\" data-widget_type=\"heading.default\">\n\t\t\t\t<div class=\"elementor-widget-container\">\n\t\t\t\t\t<h4 class=\"elementor-heading-title elementor-size-default\">Recibe tu cheque por correo electr\u00f3nico o en formato impreso<\/h4>\t\t\t\t<\/div>\n\t\t\t\t<\/div>\n\t\t\t\t<\/div>\n\t\t\t\t\t<\/div>\n\t\t\t\t<\/div>\n\t\t<div class=\"elementor-element elementor-element-7d96202 e-flex e-con-boxed e-con e-parent\" data-id=\"7d96202\" data-element_type=\"container\" data-e-type=\"container\" data-settings=\"{&quot;background_background&quot;:&quot;classic&quot;}\">\n\t\t\t\t\t<div class=\"e-con-inner\">\n\t\t\t\t<div class=\"elementor-element elementor-element-8463edf elementor-widget elementor-widget-heading\" data-id=\"8463edf\" data-element_type=\"widget\" data-e-type=\"widget\" data-widget_type=\"heading.default\">\n\t\t\t\t<div class=\"elementor-widget-container\">\n\t\t\t\t\t<h3 class=\"elementor-heading-title elementor-size-default\">Pide tu cheque regalo y regala una experiencia<br> con encanto en Palam\u00f3s<\/h3>\t\t\t\t<\/div>\n\t\t\t\t<\/div>\n\t\t\t\t<div class=\"elementor-element elementor-element-3b7e407 elementor-align-center elementor-widget elementor-widget-button\" data-id=\"3b7e407\" data-element_type=\"widget\" data-e-type=\"widget\" data-widget_type=\"button.default\">\n\t\t\t\t<div class=\"elementor-widget-container\">\n\t\t\t\t\t\t\t\t\t<div class=\"elementor-button-wrapper\">\n\t\t\t\t\t<a class=\"elementor-button elementor-button-link elementor-size-sm\" href=\"https:\/\/hotelancora.net\/es\/contacto-2\/\">\n\t\t\t\t\t\t<span class=\"elementor-button-content-wrapper\">\n\t\t\t\t\t\t\t\t\t<span class=\"elementor-button-text\">Solicita cheque regalo<\/span>\n\t\t\t\t\t<\/span>\n\t\t\t\t\t<\/a>\n\t\t\t\t<\/div>\n\t\t\t\t\t\t\t\t<\/div>\n\t\t\t\t<\/div>\n\t\t\t\t\t<\/div>\n\t\t\t\t<\/div>\n\t\t\t\t<\/div>\n\t\t","protected":false},"excerpt":{"rendered":"<p>Regala momentos en La Fosca RESERVAR HABITACI\u00d3N RESERVAR APARTAMENTO \u00bfQuieres hacer un regalo especial y diferente?En el Hotel \u00c0ncora te ofrecemos la posibilidad de regalar experiencias en Palam\u00f3s:una escapada a La Fosca, una comida para dos personas o lo que t\u00fa decidas. Nuestros cheques regalo son personalizados, flexibles y sin fecha fija.T\u00fa eliges el importe,&hellip;<\/p>\n","protected":false},"author":1,"featured_media":6975,"parent":0,"menu_order":0,"comment_status":"closed","ping_status":"closed","template":"elementor_canvas","meta":{"footnotes":""},"class_list":["post-6528","page","type-page","status-publish","has-post-thumbnail","hentry","entry","has-media"],"yoast_head":"<!-- This site is optimized with the Yoast SEO plugin v27.5 - https:\/\/yoast.com\/product\/yoast-seo-wordpress\/ -->\n<title>Regala - Hotel Ancora<\/title>\n<meta name=\"robots\" content=\"index, follow, max-snippet:-1, max-image-preview:large, max-video-preview:-1\" \/>\n<link rel=\"canonical\" href=\"https:\/\/hotelancora.net\/es\/regala\/\" \/>\n<meta property=\"og:locale\" content=\"es_ES\" \/>\n<meta property=\"og:type\" content=\"article\" \/>\n<meta property=\"og:title\" content=\"Regala - Hotel Ancora\" \/>\n<meta property=\"og:description\" content=\"Regala momentos en La Fosca RESERVAR HABITACI\u00d3N RESERVAR APARTAMENTO \u00bfQuieres hacer un regalo especial y diferente?En el Hotel \u00c0ncora te ofrecemos la posibilidad de regalar experiencias en Palam\u00f3s:una escapada a La Fosca, una comida para dos personas o lo que t\u00fa decidas. Nuestros cheques regalo son personalizados, flexibles y sin fecha fija.T\u00fa eliges el importe,&hellip;\" \/>\n<meta property=\"og:url\" content=\"https:\/\/hotelancora.net\/es\/regala\/\" \/>\n<meta property=\"og:site_name\" content=\"Hotel Ancora\" \/>\n<meta property=\"article:modified_time\" content=\"2026-02-19T14:21:09+00:00\" \/>\n<meta property=\"og:image\" content=\"https:\/\/hotelancora.net\/wp-content\/uploads\/2025\/06\/PHOTO-2025-04-23-08-25-23-2-6.png\" \/>\n\t<meta property=\"og:image:width\" content=\"683\" \/>\n\t<meta property=\"og:image:height\" content=\"636\" \/>\n\t<meta property=\"og:image:type\" content=\"image\/png\" \/>\n<meta name=\"twitter:card\" content=\"summary_large_image\" \/>\n<meta name=\"twitter:label1\" content=\"Tiempo de lectura\" \/>\n\t<meta name=\"twitter:data1\" content=\"2 minutos\" \/>\n<script type=\"application\/ld+json\" class=\"yoast-schema-graph\">{\"@context\":\"https:\\\/\\\/schema.org\",\"@graph\":[{\"@type\":\"WebPage\",\"@id\":\"https:\\\/\\\/hotelancora.net\\\/es\\\/regala\\\/\",\"url\":\"https:\\\/\\\/hotelancora.net\\\/es\\\/regala\\\/\",\"name\":\"Regala - Hotel Ancora\",\"isPartOf\":{\"@id\":\"https:\\\/\\\/hotelancora.net\\\/#website\"},\"primaryImageOfPage\":{\"@id\":\"https:\\\/\\\/hotelancora.net\\\/es\\\/regala\\\/#primaryimage\"},\"image\":{\"@id\":\"https:\\\/\\\/hotelancora.net\\\/es\\\/regala\\\/#primaryimage\"},\"thumbnailUrl\":\"https:\\\/\\\/hotelancora.net\\\/wp-content\\\/uploads\\\/2025\\\/06\\\/PHOTO-2025-04-23-08-25-23-2-6.png\",\"datePublished\":\"2025-06-09T15:21:23+00:00\",\"dateModified\":\"2026-02-19T14:21:09+00:00\",\"breadcrumb\":{\"@id\":\"https:\\\/\\\/hotelancora.net\\\/es\\\/regala\\\/#breadcrumb\"},\"inLanguage\":\"es\",\"potentialAction\":[{\"@type\":\"ReadAction\",\"target\":[\"https:\\\/\\\/hotelancora.net\\\/es\\\/regala\\\/\"]}]},{\"@type\":\"ImageObject\",\"inLanguage\":\"es\",\"@id\":\"https:\\\/\\\/hotelancora.net\\\/es\\\/regala\\\/#primaryimage\",\"url\":\"https:\\\/\\\/hotelancora.net\\\/wp-content\\\/uploads\\\/2025\\\/06\\\/PHOTO-2025-04-23-08-25-23-2-6.png\",\"contentUrl\":\"https:\\\/\\\/hotelancora.net\\\/wp-content\\\/uploads\\\/2025\\\/06\\\/PHOTO-2025-04-23-08-25-23-2-6.png\",\"width\":683,\"height\":636},{\"@type\":\"BreadcrumbList\",\"@id\":\"https:\\\/\\\/hotelancora.net\\\/es\\\/regala\\\/#breadcrumb\",\"itemListElement\":[{\"@type\":\"ListItem\",\"position\":1,\"name\":\"Inici\",\"item\":\"https:\\\/\\\/hotelancora.net\\\/es\\\/inicio\\\/\"},{\"@type\":\"ListItem\",\"position\":2,\"name\":\"Regala\"}]},{\"@type\":\"WebSite\",\"@id\":\"https:\\\/\\\/hotelancora.net\\\/#website\",\"url\":\"https:\\\/\\\/hotelancora.net\\\/\",\"name\":\"Hotel Ancora\",\"description\":\"\",\"potentialAction\":[{\"@type\":\"SearchAction\",\"target\":{\"@type\":\"EntryPoint\",\"urlTemplate\":\"https:\\\/\\\/hotelancora.net\\\/?s={search_term_string}\"},\"query-input\":{\"@type\":\"PropertyValueSpecification\",\"valueRequired\":true,\"valueName\":\"search_term_string\"}}],\"inLanguage\":\"es\"}]}<\/script>\n<!-- \/ Yoast SEO plugin. -->","yoast_head_json":{"title":"Regala - Hotel Ancora","robots":{"index":"index","follow":"follow","max-snippet":"max-snippet:-1","max-image-preview":"max-image-preview:large","max-video-preview":"max-video-preview:-1"},"canonical":"https:\/\/hotelancora.net\/es\/regala\/","og_locale":"es_ES","og_type":"article","og_title":"Regala - Hotel Ancora","og_description":"Regala momentos en La Fosca RESERVAR HABITACI\u00d3N RESERVAR APARTAMENTO \u00bfQuieres hacer un regalo especial y diferente?En el Hotel \u00c0ncora te ofrecemos la posibilidad de regalar experiencias en Palam\u00f3s:una escapada a La Fosca, una comida para dos personas o lo que t\u00fa decidas. Nuestros cheques regalo son personalizados, flexibles y sin fecha fija.T\u00fa eliges el importe,&hellip;","og_url":"https:\/\/hotelancora.net\/es\/regala\/","og_site_name":"Hotel Ancora","article_modified_time":"2026-02-19T14:21:09+00:00","og_image":[{"width":683,"height":636,"url":"https:\/\/hotelancora.net\/wp-content\/uploads\/2025\/06\/PHOTO-2025-04-23-08-25-23-2-6.png","type":"image\/png"}],"twitter_card":"summary_large_image","twitter_misc":{"Tiempo de lectura":"2 minutos"},"schema":{"@context":"https:\/\/schema.org","@graph":[{"@type":"WebPage","@id":"https:\/\/hotelancora.net\/es\/regala\/","url":"https:\/\/hotelancora.net\/es\/regala\/","name":"Regala - Hotel Ancora","isPartOf":{"@id":"https:\/\/hotelancora.net\/#website"},"primaryImageOfPage":{"@id":"https:\/\/hotelancora.net\/es\/regala\/#primaryimage"},"image":{"@id":"https:\/\/hotelancora.net\/es\/regala\/#primaryimage"},"thumbnailUrl":"https:\/\/hotelancora.net\/wp-content\/uploads\/2025\/06\/PHOTO-2025-04-23-08-25-23-2-6.png","datePublished":"2025-06-09T15:21:23+00:00","dateModified":"2026-02-19T14:21:09+00:00","breadcrumb":{"@id":"https:\/\/hotelancora.net\/es\/regala\/#breadcrumb"},"inLanguage":"es","potentialAction":[{"@type":"ReadAction","target":["https:\/\/hotelancora.net\/es\/regala\/"]}]},{"@type":"ImageObject","inLanguage":"es","@id":"https:\/\/hotelancora.net\/es\/regala\/#primaryimage","url":"https:\/\/hotelancora.net\/wp-content\/uploads\/2025\/06\/PHOTO-2025-04-23-08-25-23-2-6.png","contentUrl":"https:\/\/hotelancora.net\/wp-content\/uploads\/2025\/06\/PHOTO-2025-04-23-08-25-23-2-6.png","width":683,"height":636},{"@type":"BreadcrumbList","@id":"https:\/\/hotelancora.net\/es\/regala\/#breadcrumb","itemListElement":[{"@type":"ListItem","position":1,"name":"Inici","item":"https:\/\/hotelancora.net\/es\/inicio\/"},{"@type":"ListItem","position":2,"name":"Regala"}]},{"@type":"WebSite","@id":"https:\/\/hotelancora.net\/#website","url":"https:\/\/hotelancora.net\/","name":"Hotel Ancora","description":"","potentialAction":[{"@type":"SearchAction","target":{"@type":"EntryPoint","urlTemplate":"https:\/\/hotelancora.net\/?s={search_term_string}"},"query-input":{"@type":"PropertyValueSpecification","valueRequired":true,"valueName":"search_term_string"}}],"inLanguage":"es"}]}},"_links":{"self":[{"href":"https:\/\/hotelancora.net\/es\/wp-json\/wp\/v2\/pages\/6528","targetHints":{"allow":["GET"]}}],"collection":[{"href":"https:\/\/hotelancora.net\/es\/wp-json\/wp\/v2\/pages"}],"about":[{"href":"https:\/\/hotelancora.net\/es\/wp-json\/wp\/v2\/types\/page"}],"author":[{"embeddable":true,"href":"https:\/\/hotelancora.net\/es\/wp-json\/wp\/v2\/users\/1"}],"replies":[{"embeddable":true,"href":"https:\/\/hotelancora.net\/es\/wp-json\/wp\/v2\/comments?post=6528"}],"version-history":[{"count":20,"href":"https:\/\/hotelancora.net\/es\/wp-json\/wp\/v2\/pages\/6528\/revisions"}],"predecessor-version":[{"id":8925,"href":"https:\/\/hotelancora.net\/es\/wp-json\/wp\/v2\/pages\/6528\/revisions\/8925"}],"wp:featuredmedia":[{"embeddable":true,"href":"https:\/\/hotelancora.net\/es\/wp-json\/wp\/v2\/media\/6975"}],"wp:attachment":[{"href":"https:\/\/hotelancora.net\/es\/wp-json\/wp\/v2\/media?parent=6528"}],"curies":[{"name":"wp","href":"https:\/\/api.w.org\/{rel}","templated":true}]}}