{"id":6839,"date":"2025-06-18T17:36:06","date_gmt":"2025-06-18T15:36:06","guid":{"rendered":"https:\/\/hotelancora.net\/?page_id=6839"},"modified":"2026-02-19T15:18:24","modified_gmt":"2026-02-19T14:18:24","slug":"habitacion-superior-con-terraza-solarium","status":"publish","type":"page","link":"https:\/\/hotelancora.net\/es\/habitacion-superior-con-terraza-solarium\/","title":{"rendered":"Habitaci\u00f3n Superior con Terraza-Sol\u00e1rium"},"content":{"rendered":"\t\t<div data-elementor-type=\"wp-page\" data-elementor-id=\"6839\" class=\"elementor elementor-6839\" data-elementor-post-type=\"page\">\n\t\t\t\t<div class=\"elementor-element elementor-element-3e31350 e-flex e-con-boxed e-con e-parent\" data-id=\"3e31350\" data-element_type=\"container\" data-e-type=\"container\" data-settings=\"{&quot;background_background&quot;:&quot;classic&quot;}\">\n\t\t\t\t\t<div class=\"e-con-inner\">\n\t\t\t\t<div class=\"elementor-element elementor-element-0a7ce23 elementor-widget elementor-widget-heading\" data-id=\"0a7ce23\" data-element_type=\"widget\" data-e-type=\"widget\" data-widget_type=\"heading.default\">\n\t\t\t\t<div class=\"elementor-widget-container\">\n\t\t\t\t\t<h2 class=\"elementor-heading-title elementor-size-default\">Habitaci\u00f3n Superior<br>\n con Terraza-Sol\u00e1rium\n<\/h2>\t\t\t\t<\/div>\n\t\t\t\t<\/div>\n\t\t\t\t\t<\/div>\n\t\t\t\t<\/div>\n\t\t<div class=\"elementor-element elementor-element-5cd685e e-flex e-con-boxed e-con e-parent\" data-id=\"5cd685e\" data-element_type=\"container\" data-e-type=\"container\" data-settings=\"{&quot;background_background&quot;:&quot;classic&quot;}\">\n\t\t\t\t\t<div class=\"e-con-inner\">\n\t\t<div class=\"elementor-element elementor-element-d420f3b e-con-full e-flex e-con e-child\" data-id=\"d420f3b\" data-element_type=\"container\" data-e-type=\"container\">\n\t\t\t\t<div class=\"elementor-element elementor-element-7617107 elementor-widget elementor-widget-heading\" data-id=\"7617107\" data-element_type=\"widget\" data-e-type=\"widget\" data-widget_type=\"heading.default\">\n\t\t\t\t<div class=\"elementor-widget-container\">\n\t\t\t\t\t<h2 class=\"elementor-heading-title elementor-size-default\">Habitaci\u00f3n Superior<br>\n con Terraza-Sol\u00e1rium\n<\/h2>\t\t\t\t<\/div>\n\t\t\t\t<\/div>\n\t\t\t\t<div class=\"elementor-element elementor-element-564141e elementor-widget elementor-widget-text-editor\" data-id=\"564141e\" data-element_type=\"widget\" data-e-type=\"widget\" data-widget_type=\"text-editor.default\">\n\t\t\t\t<div class=\"elementor-widget-container\">\n\t\t\t\t\t\t\t\t\t<p><span style=\"font-weight: 400;\">Una estancia con un plus de confort. Esta habitaci\u00f3n se encuentra en la planta superior y cuenta con una amplia terraza-sol\u00e1rium privada para disfrutar del sol y la tranquilidad.<\/span><\/p>\t\t\t\t\t\t\t\t<\/div>\n\t\t\t\t<\/div>\n\t\t\t\t<div class=\"elementor-element elementor-element-36b9c72 elementor-widget elementor-widget-button\" data-id=\"36b9c72\" data-element_type=\"widget\" data-e-type=\"widget\" data-widget_type=\"button.default\">\n\t\t\t\t<div class=\"elementor-widget-container\">\n\t\t\t\t\t\t\t\t\t<div class=\"elementor-button-wrapper\">\n\t\t\t\t\t<a class=\"elementor-button elementor-button-link elementor-size-sm\" href=\"https:\/\/hotelancora.net\/es\/reservar\/\">\n\t\t\t\t\t\t<span class=\"elementor-button-content-wrapper\">\n\t\t\t\t\t\t\t\t\t<span class=\"elementor-button-text\">RESERVA AHORA<\/span>\n\t\t\t\t\t<\/span>\n\t\t\t\t\t<\/a>\n\t\t\t\t<\/div>\n\t\t\t\t\t\t\t\t<\/div>\n\t\t\t\t<\/div>\n\t\t\t\t<\/div>\n\t\t<div class=\"elementor-element elementor-element-acfc004 e-con-full e-flex e-con e-child\" data-id=\"acfc004\" data-element_type=\"container\" data-e-type=\"container\">\n\t\t\t\t<div class=\"elementor-element elementor-element-ceeae92 elementor-widget elementor-widget-image\" data-id=\"ceeae92\" data-element_type=\"widget\" data-e-type=\"widget\" data-widget_type=\"image.default\">\n\t\t\t\t<div class=\"elementor-widget-container\">\n\t\t\t\t\t\t\t\t\t\t\t\t\t\t\t<img fetchpriority=\"high\" decoding=\"async\" width=\"588\" height=\"872\" src=\"https:\/\/hotelancora.net\/wp-content\/uploads\/2025\/06\/Habitacion-Superior-con-Terraza-Solarium.png\" class=\"attachment-large size-large wp-image-6844\" alt=\"\" srcset=\"https:\/\/hotelancora.net\/wp-content\/uploads\/2025\/06\/Habitacion-Superior-con-Terraza-Solarium.png 588w, https:\/\/hotelancora.net\/wp-content\/uploads\/2025\/06\/Habitacion-Superior-con-Terraza-Solarium-202x300.png 202w\" sizes=\"(max-width: 588px) 100vw, 588px\" \/>\t\t\t\t\t\t\t\t\t\t\t\t\t\t\t<\/div>\n\t\t\t\t<\/div>\n\t\t\t\t<\/div>\n\t\t\t\t\t<\/div>\n\t\t\t\t<\/div>\n\t\t<div class=\"elementor-element elementor-element-8905124 e-flex e-con-boxed e-con e-parent\" data-id=\"8905124\" data-element_type=\"container\" data-e-type=\"container\" data-settings=\"{&quot;background_background&quot;:&quot;classic&quot;}\">\n\t\t\t\t\t<div class=\"e-con-inner\">\n\t\t\t\t<div class=\"elementor-element elementor-element-f2ef152 elementor-arrows-position-inside elementor-pagination-position-outside elementor-widget elementor-widget-image-carousel\" data-id=\"f2ef152\" data-element_type=\"widget\" data-e-type=\"widget\" data-settings=\"{&quot;slides_to_show&quot;:&quot;2&quot;,&quot;image_spacing_custom&quot;:{&quot;unit&quot;:&quot;px&quot;,&quot;size&quot;:7,&quot;sizes&quot;:[]},&quot;navigation&quot;:&quot;both&quot;,&quot;autoplay&quot;:&quot;yes&quot;,&quot;pause_on_hover&quot;:&quot;yes&quot;,&quot;pause_on_interaction&quot;:&quot;yes&quot;,&quot;autoplay_speed&quot;:5000,&quot;infinite&quot;:&quot;yes&quot;,&quot;speed&quot;:500,&quot;image_spacing_custom_laptop&quot;:{&quot;unit&quot;:&quot;px&quot;,&quot;size&quot;:&quot;&quot;,&quot;sizes&quot;:[]},&quot;image_spacing_custom_tablet&quot;:{&quot;unit&quot;:&quot;px&quot;,&quot;size&quot;:&quot;&quot;,&quot;sizes&quot;:[]},&quot;image_spacing_custom_mobile&quot;:{&quot;unit&quot;:&quot;px&quot;,&quot;size&quot;:&quot;&quot;,&quot;sizes&quot;:[]}}\" data-widget_type=\"image-carousel.default\">\n\t\t\t\t<div class=\"elementor-widget-container\">\n\t\t\t\t\t\t\t<div class=\"elementor-image-carousel-wrapper swiper\" role=\"region\" aria-roledescription=\"carousel\" aria-label=\"Carrusel d&#039;imatges\" dir=\"ltr\">\n\t\t\t<div class=\"elementor-image-carousel swiper-wrapper\" aria-live=\"off\">\n\t\t\t\t\t\t\t\t<div class=\"swiper-slide\" role=\"group\" aria-roledescription=\"slide\" aria-label=\"1 de 4\"><figure class=\"swiper-slide-inner\"><img decoding=\"async\" class=\"swiper-slide-image\" src=\"https:\/\/hotelancora.net\/wp-content\/uploads\/2026\/01\/Triple-atic-1.webp\" alt=\"Triple atic 1\" \/><\/figure><\/div><div class=\"swiper-slide\" role=\"group\" aria-roledescription=\"slide\" aria-label=\"2 de 4\"><figure class=\"swiper-slide-inner\"><img decoding=\"async\" class=\"swiper-slide-image\" src=\"https:\/\/hotelancora.net\/wp-content\/uploads\/2026\/01\/Triple-atic-2.webp\" alt=\"Triple atic 2\" \/><\/figure><\/div><div class=\"swiper-slide\" role=\"group\" aria-roledescription=\"slide\" aria-label=\"3 de 4\"><figure class=\"swiper-slide-inner\"><img decoding=\"async\" class=\"swiper-slide-image\" src=\"https:\/\/hotelancora.net\/wp-content\/uploads\/2026\/01\/Triple-atic-3.webp\" alt=\"Triple atic 3\" \/><\/figure><\/div><div class=\"swiper-slide\" role=\"group\" aria-roledescription=\"slide\" aria-label=\"4 de 4\"><figure class=\"swiper-slide-inner\"><img decoding=\"async\" class=\"swiper-slide-image\" src=\"https:\/\/hotelancora.net\/wp-content\/uploads\/2026\/01\/Triple-atic-4.webp\" alt=\"Triple atic 4\" \/><\/figure><\/div>\t\t\t<\/div>\n\t\t\t\t\t\t\t\t\t\t\t\t<div class=\"elementor-swiper-button elementor-swiper-button-prev\" role=\"button\" tabindex=\"0\">\n\t\t\t\t\t\t<svg aria-hidden=\"true\" class=\"e-font-icon-svg e-eicon-chevron-left\" viewBox=\"0 0 1000 1000\" xmlns=\"http:\/\/www.w3.org\/2000\/svg\"><path d=\"M646 125C629 125 613 133 604 142L308 442C296 454 292 471 292 487 292 504 296 521 308 533L604 854C617 867 629 875 646 875 663 875 679 871 692 858 704 846 713 829 713 812 713 796 708 779 692 767L438 487 692 225C700 217 708 204 708 187 708 171 704 154 692 142 675 129 663 125 646 125Z\"><\/path><\/svg>\t\t\t\t\t<\/div>\n\t\t\t\t\t<div class=\"elementor-swiper-button elementor-swiper-button-next\" role=\"button\" tabindex=\"0\">\n\t\t\t\t\t\t<svg aria-hidden=\"true\" class=\"e-font-icon-svg e-eicon-chevron-right\" viewBox=\"0 0 1000 1000\" xmlns=\"http:\/\/www.w3.org\/2000\/svg\"><path d=\"M696 533C708 521 713 504 713 487 713 471 708 454 696 446L400 146C388 133 375 125 354 125 338 125 325 129 313 142 300 154 292 171 292 187 292 204 296 221 308 233L563 492 304 771C292 783 288 800 288 817 288 833 296 850 308 863 321 871 338 875 354 875 371 875 388 867 400 854L696 533Z\"><\/path><\/svg>\t\t\t\t\t<\/div>\n\t\t\t\t\n\t\t\t\t\t\t\t\t\t<div class=\"swiper-pagination\"><\/div>\n\t\t\t\t\t\t\t\t\t<\/div>\n\t\t\t\t\t\t<\/div>\n\t\t\t\t<\/div>\n\t\t\t\t\t<\/div>\n\t\t\t\t<\/div>\n\t\t<div class=\"elementor-element elementor-element-7a7f618 e-flex e-con-boxed e-con e-parent\" data-id=\"7a7f618\" data-element_type=\"container\" data-e-type=\"container\" data-settings=\"{&quot;background_background&quot;:&quot;classic&quot;}\">\n\t\t\t\t\t<div class=\"e-con-inner\">\n\t\t\t\t<div class=\"elementor-element elementor-element-0439b80 elementor-widget elementor-widget-heading\" data-id=\"0439b80\" data-element_type=\"widget\" data-e-type=\"widget\" data-widget_type=\"heading.default\">\n\t\t\t\t<div class=\"elementor-widget-container\">\n\t\t\t\t\t<h2 class=\"elementor-heading-title elementor-size-default\">Tambi\u00e9n te puede interesar<\/h2>\t\t\t\t<\/div>\n\t\t\t\t<\/div>\n\t\t\t\t\t<\/div>\n\t\t\t\t<\/div>\n\t\t<div class=\"elementor-element elementor-element-5b8fc2c e-grid e-con-boxed e-con e-parent\" data-id=\"5b8fc2c\" data-element_type=\"container\" data-e-type=\"container\" data-settings=\"{&quot;background_background&quot;:&quot;classic&quot;}\">\n\t\t\t\t\t<div class=\"e-con-inner\">\n\t\t<a class=\"elementor-element elementor-element-60258fd e-con-full e-flex e-con e-child\" data-id=\"60258fd\" data-element_type=\"container\" data-e-type=\"container\" data-settings=\"{&quot;background_background&quot;:&quot;classic&quot;}\" href=\"https:\/\/hotelancora.net\/es\/habitacion-doble-estandar-con-balcon\/\">\n\t\t\t\t<div class=\"elementor-element elementor-element-b9daedd elementor-widget elementor-widget-heading\" data-id=\"b9daedd\" data-element_type=\"widget\" data-e-type=\"widget\" data-widget_type=\"heading.default\">\n\t\t\t\t<div class=\"elementor-widget-container\">\n\t\t\t\t\t<h2 class=\"elementor-heading-title elementor-size-default\">Habitaci\u00f3n doble est\u00e1ndar con balc\u00f3n<\/h2>\t\t\t\t<\/div>\n\t\t\t\t<\/div>\n\t\t\t\t<div class=\"elementor-element elementor-element-21ef21f elementor-widget-divider--view-line elementor-widget elementor-widget-divider\" data-id=\"21ef21f\" data-element_type=\"widget\" data-e-type=\"widget\" data-widget_type=\"divider.default\">\n\t\t\t\t<div class=\"elementor-widget-container\">\n\t\t\t\t\t\t\t<div class=\"elementor-divider\">\n\t\t\t<span class=\"elementor-divider-separator\">\n\t\t\t\t\t\t<\/span>\n\t\t<\/div>\n\t\t\t\t\t\t<\/div>\n\t\t\t\t<\/div>\n\t\t\t\t<div class=\"elementor-element elementor-element-ddab0e8 elementor-widget elementor-widget-text-editor\" data-id=\"ddab0e8\" data-element_type=\"widget\" data-e-type=\"widget\" data-widget_type=\"text-editor.default\">\n\t\t\t\t<div class=\"elementor-widget-container\">\n\t\t\t\t\t\t\t\t\t<p class=\"p1\"><span style=\"font-weight: 400;\">Ideal para parejas que desean m\u00e1s amplitud y confort. Combina funcionalidad y calidez con un balc\u00f3n privado donde relajarse en cualquier momento del d\u00eda.<\/span><\/p>\t\t\t\t\t\t\t\t<\/div>\n\t\t\t\t<\/div>\n\t\t\t\t<\/a>\n\t\t<a class=\"elementor-element elementor-element-a5178ab e-con-full e-flex e-con e-child\" data-id=\"a5178ab\" data-element_type=\"container\" data-e-type=\"container\" data-settings=\"{&quot;background_background&quot;:&quot;classic&quot;}\" href=\"https:\/\/hotelancora.net\/es\/habitacion-triple-estandar-con-balcon\/\">\n\t\t\t\t<div class=\"elementor-element elementor-element-94eacfd elementor-widget elementor-widget-heading\" data-id=\"94eacfd\" data-element_type=\"widget\" data-e-type=\"widget\" data-widget_type=\"heading.default\">\n\t\t\t\t<div class=\"elementor-widget-container\">\n\t\t\t\t\t<h2 class=\"elementor-heading-title elementor-size-default\">Habitaci\u00f3n triple est\u00e1ndar con balc\u00f3n<\/h2>\t\t\t\t<\/div>\n\t\t\t\t<\/div>\n\t\t\t\t<div class=\"elementor-element elementor-element-0235c46 elementor-widget-divider--view-line elementor-widget elementor-widget-divider\" data-id=\"0235c46\" data-element_type=\"widget\" data-e-type=\"widget\" data-widget_type=\"divider.default\">\n\t\t\t\t<div class=\"elementor-widget-container\">\n\t\t\t\t\t\t\t<div class=\"elementor-divider\">\n\t\t\t<span class=\"elementor-divider-separator\">\n\t\t\t\t\t\t<\/span>\n\t\t<\/div>\n\t\t\t\t\t\t<\/div>\n\t\t\t\t<\/div>\n\t\t\t\t<div class=\"elementor-element elementor-element-9aa6621 elementor-widget elementor-widget-text-editor\" data-id=\"9aa6621\" data-element_type=\"widget\" data-e-type=\"widget\" data-widget_type=\"text-editor.default\">\n\t\t\t\t<div class=\"elementor-widget-container\">\n\t\t\t\t\t\t\t\t\t<p class=\"p1\"><span style=\"font-weight: 400;\">Espaciosa y confortable, pensada para peque\u00f1os grupos o familias. Sus tres camas individuales ofrecen comodidad e independencia.<\/span><\/p>\t\t\t\t\t\t\t\t<\/div>\n\t\t\t\t<\/div>\n\t\t\t\t<\/a>\n\t\t<a class=\"elementor-element elementor-element-3989994 e-con-full e-flex e-con e-child\" data-id=\"3989994\" data-element_type=\"container\" data-e-type=\"container\" data-settings=\"{&quot;background_background&quot;:&quot;classic&quot;}\" href=\"https:\/\/hotelancora.net\/es\/habitacion-cuadruple-estandar-con-balcon\/\">\n\t\t\t\t<div class=\"elementor-element elementor-element-f5f478a elementor-widget elementor-widget-heading\" data-id=\"f5f478a\" data-element_type=\"widget\" data-e-type=\"widget\" data-widget_type=\"heading.default\">\n\t\t\t\t<div class=\"elementor-widget-container\">\n\t\t\t\t\t<h3 class=\"elementor-heading-title elementor-size-default\">Habitaci\u00f3n cu\u00e1druple est\u00e1ndar con balc\u00f3n<\/h3>\t\t\t\t<\/div>\n\t\t\t\t<\/div>\n\t\t\t\t<div class=\"elementor-element elementor-element-a96bd2c elementor-widget-divider--view-line elementor-widget elementor-widget-divider\" data-id=\"a96bd2c\" data-element_type=\"widget\" data-e-type=\"widget\" data-widget_type=\"divider.default\">\n\t\t\t\t<div class=\"elementor-widget-container\">\n\t\t\t\t\t\t\t<div class=\"elementor-divider\">\n\t\t\t<span class=\"elementor-divider-separator\">\n\t\t\t\t\t\t<\/span>\n\t\t<\/div>\n\t\t\t\t\t\t<\/div>\n\t\t\t\t<\/div>\n\t\t\t\t<div class=\"elementor-element elementor-element-9528799 elementor-widget elementor-widget-text-editor\" data-id=\"9528799\" data-element_type=\"widget\" data-e-type=\"widget\" data-widget_type=\"text-editor.default\">\n\t\t\t\t<div class=\"elementor-widget-container\">\n\t\t\t\t\t\t\t\t\t<p class=\"p1\"><span style=\"font-weight: 400;\">Dise\u00f1ada para familias o grupos de amigos, esta habitaci\u00f3n ofrece espacio, comodidad y una terraza privada para compartir momentos al aire libre.<\/span><\/p>\t\t\t\t\t\t\t\t<\/div>\n\t\t\t\t<\/div>\n\t\t\t\t<\/a>\n\t\t\t\t\t<\/div>\n\t\t\t\t<\/div>\n\t\t\t\t<\/div>\n\t\t","protected":false},"excerpt":{"rendered":"<p>Habitaci\u00f3n Superior con Terraza-Sol\u00e1rium Habitaci\u00f3n Superior con Terraza-Sol\u00e1rium Una estancia con un plus de confort. Esta habitaci\u00f3n se encuentra en la planta superior y cuenta con una amplia terraza-sol\u00e1rium privada para disfrutar del sol y la tranquilidad. RESERVA AHORA Tambi\u00e9n te puede interesar Habitaci\u00f3n doble est\u00e1ndar con balc\u00f3n Ideal para parejas que desean m\u00e1s amplitud&hellip;<\/p>\n","protected":false},"author":1,"featured_media":0,"parent":0,"menu_order":0,"comment_status":"closed","ping_status":"closed","template":"elementor_canvas","meta":{"footnotes":""},"class_list":["post-6839","page","type-page","status-publish","hentry","entry","no-media"],"yoast_head":"<!-- This site is optimized with the Yoast SEO plugin v27.5 - https:\/\/yoast.com\/product\/yoast-seo-wordpress\/ -->\n<title>Habitaci\u00f3n Superior con Terraza-Sol\u00e1rium - Hotel Ancora<\/title>\n<meta name=\"robots\" content=\"index, follow, max-snippet:-1, max-image-preview:large, max-video-preview:-1\" \/>\n<link rel=\"canonical\" href=\"https:\/\/hotelancora.net\/es\/habitacion-superior-con-terraza-solarium\/\" \/>\n<meta property=\"og:locale\" content=\"es_ES\" \/>\n<meta property=\"og:type\" content=\"article\" \/>\n<meta property=\"og:title\" content=\"Habitaci\u00f3n Superior con Terraza-Sol\u00e1rium - Hotel Ancora\" \/>\n<meta property=\"og:description\" content=\"Habitaci\u00f3n Superior con Terraza-Sol\u00e1rium Habitaci\u00f3n Superior con Terraza-Sol\u00e1rium Una estancia con un plus de confort. Esta habitaci\u00f3n se encuentra en la planta superior y cuenta con una amplia terraza-sol\u00e1rium privada para disfrutar del sol y la tranquilidad. RESERVA AHORA Tambi\u00e9n te puede interesar Habitaci\u00f3n doble est\u00e1ndar con balc\u00f3n Ideal para parejas que desean m\u00e1s amplitud&hellip;\" \/>\n<meta property=\"og:url\" content=\"https:\/\/hotelancora.net\/es\/habitacion-superior-con-terraza-solarium\/\" \/>\n<meta property=\"og:site_name\" content=\"Hotel Ancora\" \/>\n<meta property=\"article:modified_time\" content=\"2026-02-19T14:18:24+00:00\" \/>\n<meta property=\"og:image\" content=\"https:\/\/hotelancora.net\/wp-content\/uploads\/2025\/06\/Habitacion-Superior-con-Terraza-Solarium.png\" \/>\n\t<meta property=\"og:image:width\" content=\"588\" \/>\n\t<meta property=\"og:image:height\" content=\"872\" \/>\n\t<meta property=\"og:image:type\" content=\"image\/png\" \/>\n<meta name=\"twitter:card\" content=\"summary_large_image\" \/>\n<meta name=\"twitter:label1\" content=\"Tiempo de lectura\" \/>\n\t<meta name=\"twitter:data1\" content=\"3 minutos\" \/>\n<script type=\"application\/ld+json\" class=\"yoast-schema-graph\">{\"@context\":\"https:\\\/\\\/schema.org\",\"@graph\":[{\"@type\":\"WebPage\",\"@id\":\"https:\\\/\\\/hotelancora.net\\\/es\\\/habitacion-superior-con-terraza-solarium\\\/\",\"url\":\"https:\\\/\\\/hotelancora.net\\\/es\\\/habitacion-superior-con-terraza-solarium\\\/\",\"name\":\"Habitaci\u00f3n Superior con Terraza-Sol\u00e1rium - Hotel Ancora\",\"isPartOf\":{\"@id\":\"https:\\\/\\\/hotelancora.net\\\/#website\"},\"primaryImageOfPage\":{\"@id\":\"https:\\\/\\\/hotelancora.net\\\/es\\\/habitacion-superior-con-terraza-solarium\\\/#primaryimage\"},\"image\":{\"@id\":\"https:\\\/\\\/hotelancora.net\\\/es\\\/habitacion-superior-con-terraza-solarium\\\/#primaryimage\"},\"thumbnailUrl\":\"https:\\\/\\\/hotelancora.net\\\/wp-content\\\/uploads\\\/2025\\\/06\\\/Habitacion-Superior-con-Terraza-Solarium.png\",\"datePublished\":\"2025-06-18T15:36:06+00:00\",\"dateModified\":\"2026-02-19T14:18:24+00:00\",\"breadcrumb\":{\"@id\":\"https:\\\/\\\/hotelancora.net\\\/es\\\/habitacion-superior-con-terraza-solarium\\\/#breadcrumb\"},\"inLanguage\":\"es\",\"potentialAction\":[{\"@type\":\"ReadAction\",\"target\":[\"https:\\\/\\\/hotelancora.net\\\/es\\\/habitacion-superior-con-terraza-solarium\\\/\"]}]},{\"@type\":\"ImageObject\",\"inLanguage\":\"es\",\"@id\":\"https:\\\/\\\/hotelancora.net\\\/es\\\/habitacion-superior-con-terraza-solarium\\\/#primaryimage\",\"url\":\"https:\\\/\\\/hotelancora.net\\\/wp-content\\\/uploads\\\/2025\\\/06\\\/Habitacion-Superior-con-Terraza-Solarium.png\",\"contentUrl\":\"https:\\\/\\\/hotelancora.net\\\/wp-content\\\/uploads\\\/2025\\\/06\\\/Habitacion-Superior-con-Terraza-Solarium.png\"},{\"@type\":\"BreadcrumbList\",\"@id\":\"https:\\\/\\\/hotelancora.net\\\/es\\\/habitacion-superior-con-terraza-solarium\\\/#breadcrumb\",\"itemListElement\":[{\"@type\":\"ListItem\",\"position\":1,\"name\":\"Inici\",\"item\":\"https:\\\/\\\/hotelancora.net\\\/es\\\/inicio\\\/\"},{\"@type\":\"ListItem\",\"position\":2,\"name\":\"Habitaci\u00f3n Superior con Terraza-Sol\u00e1rium\"}]},{\"@type\":\"WebSite\",\"@id\":\"https:\\\/\\\/hotelancora.net\\\/#website\",\"url\":\"https:\\\/\\\/hotelancora.net\\\/\",\"name\":\"Hotel Ancora\",\"description\":\"\",\"potentialAction\":[{\"@type\":\"SearchAction\",\"target\":{\"@type\":\"EntryPoint\",\"urlTemplate\":\"https:\\\/\\\/hotelancora.net\\\/?s={search_term_string}\"},\"query-input\":{\"@type\":\"PropertyValueSpecification\",\"valueRequired\":true,\"valueName\":\"search_term_string\"}}],\"inLanguage\":\"es\"}]}<\/script>\n<!-- \/ Yoast SEO plugin. -->","yoast_head_json":{"title":"Habitaci\u00f3n Superior con Terraza-Sol\u00e1rium - Hotel Ancora","robots":{"index":"index","follow":"follow","max-snippet":"max-snippet:-1","max-image-preview":"max-image-preview:large","max-video-preview":"max-video-preview:-1"},"canonical":"https:\/\/hotelancora.net\/es\/habitacion-superior-con-terraza-solarium\/","og_locale":"es_ES","og_type":"article","og_title":"Habitaci\u00f3n Superior con Terraza-Sol\u00e1rium - Hotel Ancora","og_description":"Habitaci\u00f3n Superior con Terraza-Sol\u00e1rium Habitaci\u00f3n Superior con Terraza-Sol\u00e1rium Una estancia con un plus de confort. Esta habitaci\u00f3n se encuentra en la planta superior y cuenta con una amplia terraza-sol\u00e1rium privada para disfrutar del sol y la tranquilidad. RESERVA AHORA Tambi\u00e9n te puede interesar Habitaci\u00f3n doble est\u00e1ndar con balc\u00f3n Ideal para parejas que desean m\u00e1s amplitud&hellip;","og_url":"https:\/\/hotelancora.net\/es\/habitacion-superior-con-terraza-solarium\/","og_site_name":"Hotel Ancora","article_modified_time":"2026-02-19T14:18:24+00:00","og_image":[{"width":588,"height":872,"url":"https:\/\/hotelancora.net\/wp-content\/uploads\/2025\/06\/Habitacion-Superior-con-Terraza-Solarium.png","type":"image\/png"}],"twitter_card":"summary_large_image","twitter_misc":{"Tiempo de lectura":"3 minutos"},"schema":{"@context":"https:\/\/schema.org","@graph":[{"@type":"WebPage","@id":"https:\/\/hotelancora.net\/es\/habitacion-superior-con-terraza-solarium\/","url":"https:\/\/hotelancora.net\/es\/habitacion-superior-con-terraza-solarium\/","name":"Habitaci\u00f3n Superior con Terraza-Sol\u00e1rium - Hotel Ancora","isPartOf":{"@id":"https:\/\/hotelancora.net\/#website"},"primaryImageOfPage":{"@id":"https:\/\/hotelancora.net\/es\/habitacion-superior-con-terraza-solarium\/#primaryimage"},"image":{"@id":"https:\/\/hotelancora.net\/es\/habitacion-superior-con-terraza-solarium\/#primaryimage"},"thumbnailUrl":"https:\/\/hotelancora.net\/wp-content\/uploads\/2025\/06\/Habitacion-Superior-con-Terraza-Solarium.png","datePublished":"2025-06-18T15:36:06+00:00","dateModified":"2026-02-19T14:18:24+00:00","breadcrumb":{"@id":"https:\/\/hotelancora.net\/es\/habitacion-superior-con-terraza-solarium\/#breadcrumb"},"inLanguage":"es","potentialAction":[{"@type":"ReadAction","target":["https:\/\/hotelancora.net\/es\/habitacion-superior-con-terraza-solarium\/"]}]},{"@type":"ImageObject","inLanguage":"es","@id":"https:\/\/hotelancora.net\/es\/habitacion-superior-con-terraza-solarium\/#primaryimage","url":"https:\/\/hotelancora.net\/wp-content\/uploads\/2025\/06\/Habitacion-Superior-con-Terraza-Solarium.png","contentUrl":"https:\/\/hotelancora.net\/wp-content\/uploads\/2025\/06\/Habitacion-Superior-con-Terraza-Solarium.png"},{"@type":"BreadcrumbList","@id":"https:\/\/hotelancora.net\/es\/habitacion-superior-con-terraza-solarium\/#breadcrumb","itemListElement":[{"@type":"ListItem","position":1,"name":"Inici","item":"https:\/\/hotelancora.net\/es\/inicio\/"},{"@type":"ListItem","position":2,"name":"Habitaci\u00f3n Superior con Terraza-Sol\u00e1rium"}]},{"@type":"WebSite","@id":"https:\/\/hotelancora.net\/#website","url":"https:\/\/hotelancora.net\/","name":"Hotel Ancora","description":"","potentialAction":[{"@type":"SearchAction","target":{"@type":"EntryPoint","urlTemplate":"https:\/\/hotelancora.net\/?s={search_term_string}"},"query-input":{"@type":"PropertyValueSpecification","valueRequired":true,"valueName":"search_term_string"}}],"inLanguage":"es"}]}},"_links":{"self":[{"href":"https:\/\/hotelancora.net\/es\/wp-json\/wp\/v2\/pages\/6839","targetHints":{"allow":["GET"]}}],"collection":[{"href":"https:\/\/hotelancora.net\/es\/wp-json\/wp\/v2\/pages"}],"about":[{"href":"https:\/\/hotelancora.net\/es\/wp-json\/wp\/v2\/types\/page"}],"author":[{"embeddable":true,"href":"https:\/\/hotelancora.net\/es\/wp-json\/wp\/v2\/users\/1"}],"replies":[{"embeddable":true,"href":"https:\/\/hotelancora.net\/es\/wp-json\/wp\/v2\/comments?post=6839"}],"version-history":[{"count":25,"href":"https:\/\/hotelancora.net\/es\/wp-json\/wp\/v2\/pages\/6839\/revisions"}],"predecessor-version":[{"id":8910,"href":"https:\/\/hotelancora.net\/es\/wp-json\/wp\/v2\/pages\/6839\/revisions\/8910"}],"wp:attachment":[{"href":"https:\/\/hotelancora.net\/es\/wp-json\/wp\/v2\/media?parent=6839"}],"curies":[{"name":"wp","href":"https:\/\/api.w.org\/{rel}","templated":true}]}}