{"id":1483,"date":"2018-04-07T17:45:20","date_gmt":"2018-04-07T17:45:20","guid":{"rendered":"https:\/\/hotelancora.net\/avis-legal-i-condicions-dus-2\/"},"modified":"2018-05-25T12:38:18","modified_gmt":"2018-05-25T10:38:18","slug":"avis-juridique-et-conditions-dutilisation","status":"publish","type":"page","link":"https:\/\/hotelancora.net\/fr\/avis-juridique-et-conditions-dutilisation\/","title":{"rendered":"AVIS JURIDIQUE ET CONDITIONS D&rsquo;UTILISATION"},"content":{"rendered":"[vc_row][vc_column]<div class=\"vcex-spacing wpex-w-100 wpex-clear\" style=\"height:10px;\"><\/div>[\/vc_column][\/vc_row][vc_row][vc_column][vc_column_text]\n<p style=\"text-align: justify;\"><span style=\"font-weight: 400;\">Les presents condicions generals d\u2019\u00fas de la p\u00e0gina web, regulen els termes i condicions d\u2019acc\u00e9s i \u00fas de www.hotelancora.net, propietat de Hotel \u00c0ncora S.C.<\/span><span style=\"font-weight: 400;\">\u00a0inscrita en el <\/span><span style=\"font-weight: 400;\">Registre Mercantil de Girona, <\/span><span style=\"font-weight: 400;\">\u00a0i amb domicili a C\/ Josep Pla, 43,\u00a017230 \u2013 Palam\u00f3s<\/span><span style=\"font-weight: 400;\">\u00a0i Codi de Identificaci\u00f3 Fiscal n\u00famero J17516311<\/span><span style=\"font-weight: 400;\">,<\/span><span style=\"font-weight: 400;\"> endavant, \u00abla Empresa\u00bb, que el usuari del Portal haur\u00e0 de llegir i acceptar per utilitzar tots els serveis i informaci\u00f3 que es faciliti des de el portal.<\/span><\/p>\n<p style=\"text-align: justify;\"><span style=\"font-weight: 400;\">En tot cas, l\u2019\u00fas d\u2019aquesta p\u00e0gina web \u00e9s per majors de 18 anys i l\u2019usuari declara que \u00e9s major d\u2019edat, t\u00e9 plena capacitat per obrar, sap llegir i ent\u00e9n perfectament totes les cl\u00e0usules que s\u2019incloguin a aquestes condicions generals d\u2019\u00fas. En el sup\u00f2sit de ser menor d\u2019edat, no pot utilitzar el Portal sense el previ consentiment dels seus pares o tutors.<\/span><\/p>\n<p style=\"text-align: justify;\"><span style=\"font-weight: 400;\">L\u2019usuari aix\u00ed com l\u2019Empresa, propiet\u00e0ria del Portal, podran ser denominats, conjuntament com les Parts o cada un per separat com la Part. L\u2019acc\u00e9s i\/o utilitzaci\u00f3 del Portal, de tots o part dels seus continguts i\/o serveis significa la plena acceptaci\u00f3 de les presents Condicions generals d\u2019\u00fas. La posada a disposici\u00f3 i\/o \u00fas del Portal s\u2019ent\u00e9n, sotmesa al estricte compliments dels terminis recollits a les presents Condicions Generals d\u2019\u00das del Portal.<\/span><\/p>\n<ol style=\"text-align: justify;\">\n<li style=\"font-weight: 400;\"><b>Definicions<\/b><\/li>\n<\/ol>\n<p style=\"text-align: justify;\"><span style=\"font-weight: 400;\">Les Parts accepten que els seg\u00fcents terminis tenen el significat que a continuaci\u00f3 s\u2019indica:<\/span><\/p>\n<p style=\"text-align: justify;\"><span style=\"font-weight: 400;\">El Porta: La p\u00e0gina web ubicada a la seg\u00fcent direcci\u00f3 d\u2019Internet www.hotelancora.net , aix\u00ed com a qualsevol subdomini o extensi\u00f3 del mateix.<\/span><\/p>\n<p style=\"text-align: justify;\"><span style=\"font-weight: 400;\">Usuari: Persona que accedeix al Portal i\/o utilitza els serveis o informaci\u00f3 accessible.<\/span><\/p>\n<ol style=\"text-align: justify;\">\n<li style=\"font-weight: 400;\"><b>Condicions d\u2019\u00fas<\/b><\/li>\n<\/ol>\n<p style=\"text-align: justify;\"><span style=\"font-weight: 400;\">Les presents Condicions Generals d\u2019\u00das del Portal regulen l\u2019acc\u00e9s i la utilitzaci\u00f3 del Portal, incloent els continguts i els serveis posat a disposici\u00f3 dels Usuaris en i\/o a trav\u00e9s del Portal, b\u00e9 pel Portal, b\u00e9 pels seus Usuaris, b\u00e9 per qualsevol tercer. No obstant, l\u2019acc\u00e9s i la utilitzaci\u00f3 de certs continguts i\/o serveis pot trobar-se sotm\u00e8s a determinades Condicions Espec\u00edfiques per determinats continguts o serveis.<\/span><\/p>\n<ol style=\"text-align: justify;\">\n<li style=\"font-weight: 400;\"><b>Modificacions<\/b><\/li>\n<\/ol>\n<p style=\"text-align: justify;\"><span style=\"font-weight: 400;\">El Portal es reserva la facultat de modificar a qualsevol moment les Condicions Generals d\u2019\u00das del Portal. En tot cas, s\u2019aconsella que consulti peri\u00f2dicament les presents Condicions Generals d\u2019\u00das del Portal perqu\u00e8 poden ser modificades.<\/span><\/p>\n<ol style=\"text-align: justify;\">\n<li style=\"font-weight: 400;\"><b>Informaci\u00f3 i serveis<\/b><\/li>\n<\/ol>\n<p style=\"text-align: justify;\"><span style=\"font-weight: 400;\">Els Usuaris poden accedir a trav\u00e9s del Portal a diferents tipus d\u2019informaci\u00f3 i serveis. El Portal es reserva la facultat de modificar, en qualsevol moment, i sense av\u00eds pr\u00e8vi, la presentaci\u00f3 i configuraci\u00f3, la informaci\u00f3 i serveis oferts des del Portal. L\u2019Usuari reconeix i accepta expressament que a qualsevol moment el Portal pot interrompre, desactivar i\/o anul\u00b7lar qualsevol informaci\u00f3 o serveis. El Portal realitzar\u00e0 els seus millors esfor\u00e7os per intentar garantitzar la disponibilitat i accessibilitat al Portal. No obstant, en ocasions, per raons de manteniment, actualitzaci\u00f3, canvi d\u2019ubicaci\u00f3, etc., pot suposar la interrupci\u00f3 de l\u2019acc\u00e9s al Portal.<\/span><\/p>\n<p style=\"text-align: justify;\"><span style=\"font-weight: 400;\">El Portal ofereix l\u2019acc\u00e9s a la informaci\u00f3 i serveis tal qual, i no facilita cap equip, material o servei per accedir als mateixos. Pel correcte acc\u00e9s i utilitzaci\u00f3 de determinada informaci\u00f3 i serveis l\u2019Usuari haur\u00e0 de descarregar-se en els seus equip determinants programes.<\/span><\/p>\n<p style=\"text-align: justify;\"><span style=\"font-weight: 400;\">El Portal no interv\u00e9 en la creaci\u00f3 d\u2019aquells continguts i\/o serveis prestat o subministrat per terceres parts en i\/o a trav\u00e9s del Portal, de la mateixa manera que tampoc controla la seva licitud. En qualsevol cas no ofereix cap classe de garantia sobre els mateixos. L\u2019Usuari reconeix que el Portal no \u00e9s ni ser\u00e0 responsable dels continguts i\/o serveis prestats o subministrats per terceres parts en i\/o a trav\u00e9s del Portal. L\u2019Usuari accepta que el Portal no assumir\u00e0 cap responsabilitat per qualsevol per perjudicis o danys produ\u00efts com a conseq\u00fc\u00e8ncia de la utilitzaci\u00f3 d\u2019aquesta informaci\u00f3 o serveis de tercers.<\/span><\/p>\n<ol style=\"text-align: justify;\">\n<li style=\"font-weight: 400;\"><b>Cost<\/b><\/li>\n<\/ol>\n<p style=\"text-align: justify;\"><span style=\"font-weight: 400;\">Existeixen determinats continguts, dades, informaci\u00f3 i serveis que per accedir als mateixos, l\u2019Usuari haur\u00e0 d\u2019abonar una contraprestaci\u00f3. En aquests casos, el Portal informar\u00e0 a l\u2019Usuari pr\u00e8viament.<\/span><\/p>\n<ol style=\"text-align: justify;\">\n<li style=\"font-weight: 400;\"><b>Obligacions de l\u2019Usuari<\/b><\/li>\n<\/ol>\n<p style=\"text-align: justify;\"><span style=\"font-weight: 400;\">L\u2019Usuari haur\u00e0 de respectar en tot moment els terminis i condicions establertes a les presents Condicions generals d\u2019\u00fas del Portal. De manera expressament l\u2019Usuari manifesta que utilitzar\u00e0 el Portal de forma diligent i assumint qualsevol responsabilitat que pogu\u00e9s derivar-se del incompliment de les normes.<\/span><\/p>\n<p style=\"text-align: justify;\"><span style=\"font-weight: 400;\">L\u2019Usuari s\u2019obliga a no utilitzar la informaci\u00f3 i serveis facilitats des del Portal per prendre decisions amb implicacions econ\u00f2miques perqu\u00e8 coneix que aquesta informaci\u00f3 i serveis no estan actualitzats i poden contenir incorreccions o errors. Aix\u00ed mateix, en aquells casos que es sol\u00b7licitin dades o informaci\u00f3 s\u2019obliga a no falsejar la seva identitat fent-se passar per qualsevol altre persona. L\u2019Usuari accepta que la utilitzaci\u00f3 del Portal ser\u00e0 efectuada amb fins estrictament personals, privats i particulars. L\u2019Usuari no podr\u00e0 utilitzar el Portal per activitats contr\u00e0ries a la Llei, la moral i l\u2019ordre p\u00fablic aix\u00ed com per finalitats prohibides o que vulnerin o lesionin drets de tercers. Aix\u00ed doncs, queda prohibida la difusi\u00f3, emmagatzematge i\/o gesti\u00f3 de dades o continguts que infringeixin drets de tercers o qualsevol normativa reguladora del dret de la propietat intel\u00b7lectual o industrial.<\/span><\/p>\n<p style=\"text-align: justify;\"><span style=\"font-weight: 400;\">L\u2019Usuari no utilitzar\u00e0 el Portal per realitzar actes que recolzin, incitin o promoguin; 1. Actes il\u00b7legals o delictius, d\u2019emigratoris, difamatoris, discriminatoris per raons de sexe, ra\u00e7a, religi\u00f3, creences; 2. Actes violents, pornogr\u00e0fics, degradants, i\/o d\u2019alguna manera, siguin contraris a la moral, les bones costums.<\/span><\/p>\n<p style=\"text-align: justify;\"><span style=\"font-weight: 400;\">Aix\u00ed doncs, l\u2019Usuari no podr\u00e0 utilitzar el Portal per transmetre, emmagatzemar, divulgar, promoure o distribuir dades o continguts que siguin portadors de virus o qualsevol altre codi inform\u00e0tic, arxius o programes dissenyats per interrompre, destruir o perjudicar el funcionament de qualsevol programa o equip inform\u00e0tic o de telecomunicacions.<\/span><\/p>\n<p style=\"text-align: justify;\"><span style=\"font-weight: 400;\">L\u2019Usuari no utilitzar\u00e0 el Portal per enviar publicitat no autoritzada pel destinatari.<\/span><\/p>\n<p style=\"text-align: justify;\"><span style=\"font-weight: 400;\">L\u2019Usuari s\u2019obliga a indemnitzar i a mantenir indemnes al Portal per qualsevol dany, perjudici, sanci\u00f3, multa, pena o indemnitzaci\u00f3 que tingui que fer front al Portal, aix\u00ed com, incloent els honoraris d\u2019advocats i\/o procuradors, o de qualsevol tercer, derivades de l\u2019incompliment de les presents Condicions generals per part de l\u2019Usuari.<\/span><\/p>\n<ol style=\"text-align: justify;\">\n<li style=\"font-weight: 400;\"><b>Disponibilitat de la informaci\u00f3 i serveis del Portal<\/b><\/li>\n<\/ol>\n<p style=\"text-align: justify;\"><span style=\"font-weight: 400;\">El Portal no garantitza la disponibilitat continua i permanent dels serveis, quedant d\u2019aquesta manera exonerat de qualsevol responsabilitat per possibles danys i perjudicis causats com a conseq\u00fc\u00e8ncia de la falta de disponibilitat del servei per motius de for\u00e7a major o errors a les xarxes telem\u00e0tiques de transfer\u00e8ncia de dades, alienes a la seva voluntat, o per desconnexions realitzades per treballs de millora o manteniment dels equips i sistemes inform\u00e0tics. En aquests casos, el Portal far\u00e0 els seus millors esfor\u00e7os per avisar amb una antelaci\u00f3 de 24 hores a la interrupci\u00f3. El Portal no ser\u00e0 responsable per la interrupci\u00f3, suspensi\u00f3 o finalitzaci\u00f3 de la informaci\u00f3 o serveis. D\u2019aquesta manera, no es responsabilitza de les possibles omissions, p\u00e8rdues d\u2019informaci\u00f3, dades, configuracions, accessos indeguts o vulneraci\u00f3 de la confidencialitat que tinguin origen en problemes t\u00e8cnics, de comunicacions o omissions humanes, causades per tercers o no imputables al Portal. Tampoc respondr\u00e0 als danys produ\u00efts per \u00e0tacs inform\u00e0tics o causats per virus que afectes a programes inform\u00e0tics, sistemes de comunicacions o equips utilitzats pel Portal per\u00f2 fabricats o facilitats per un tercer. El Portal podr\u00e0, a la seva discreci\u00f3, denegar, retirar, suspendre i\/o bloquejar en qualsevol moment i sense necessitat de previ av\u00eds al acc\u00e9s a la informaci\u00f3 i serveis a aquells Usuaris que incompleixin les presents normes.<\/span><\/p>\n<ol style=\"text-align: justify;\">\n<li style=\"font-weight: 400;\"><b>Responsabilitat del Portal<\/b><\/li>\n<\/ol>\n<p style=\"text-align: justify;\"><span style=\"font-weight: 400;\">L\u2019Usuari coneix i accepta que el Portal no atorga cap garantia de qualsevol naturalesa, ja sigui expressa o impl\u00edcita, sobre les dades, continguts, informaci\u00f3 i serveis que s\u2019incorporin i ofereixin des del Portal.<\/span><\/p>\n<p style=\"text-align: justify;\"><span style=\"font-weight: 400;\">Exceptuant els casos que la Llei imposa expressament el contrari, i exclusivament amb la mida i extensi\u00f3 en que ho imposi, el Portal no garantitza ni assumeix responsabilitat alguna respecta als possibles danys i perjudicis causats per l\u2019\u00fas i utilitzaci\u00f3 de la informaci\u00f3, dades i serveis del Portal.<\/span><\/p>\n<p style=\"text-align: justify;\"><span style=\"font-weight: 400;\">En tot cas, el Portal exclou qualsevol responsabilitat per danys i perjudicis que puguin ser deguts a la informaci\u00f3 i\/o serveis prestats o subministrats per tercers diferents a l\u2019Empresa. Tota responsabilitat ser\u00e0 del tercer ja sigui prove\u00efdor, col\u00b7laborador o altres.<\/span><\/p>\n<ol style=\"text-align: justify;\">\n<li style=\"font-weight: 400;\"><b>Dades de car\u00e0cter personal<\/b><\/li>\n<\/ol>\n<p style=\"text-align: justify;\"><span style=\"font-weight: 400;\">Les dades personals rebudes seran tractades d\u2019acord amb la Llei Org\u00e0nica 15\/1999 del 13 de Desembre de Protecci\u00f3 de Dades de Car\u00e0cter Personal i altres normatives concordants vigents a Espanya.<\/span><\/p>\n<p style=\"text-align: justify;\"><span style=\"font-weight: 400;\">Les dades personals que obtingui el Portal per la prestaci\u00f3 de qualsevol servei o utilitzaci\u00f3 del Portal s\u2019integraran a un fitxer informatitzat, creat i mantingut sota la responsabilitat de Hotel \u00c0ncora S.C<\/span><span style=\"font-weight: 400;\">. Les dades obtingudes seran utilitzades per oferir els serveis sol\u00b7licitats i tamb\u00e9 s\u2019utilitzaran per mantenir informat l\u2019usuari sobre les novetats dels serveis i continguts del Portal, atenen, en el seu cas, a les prefer\u00e8ncies que l\u2019usuari hagi indicat. L\u2019usuari accepta rebre aquests correus electr\u00f2nics, sempre que estiguin relacionats amb les prefer\u00e8ncies indicades o serveis i informaci\u00f3 utilitzada per l\u2019Usuari. L\u2019Usuari manifesta de forma expressa que qualsevol dada personal o d\u2019un tercer al que accedeixi, introdueixi, modifiqui o suprimeixi t\u00e9 dret a fer-ho o disposa de l\u2019autoritzaci\u00f3 expressa d\u2019aquest tercer. El Portal informa a l\u2019Usuari que podr\u00e0 exerc\u00eds els drets d\u2019acc\u00e9s, rectificaci\u00f3, oposici\u00f3 i cancel\u00b7laci\u00f3 de les dades que ens hagin facilitat en tot moment, per e-mail<\/span><span style=\"font-weight: 400;\"> <a href=\"https:\/\/hotelancora.net\/contacto.html\">info@hotelancora.net<\/a><\/span><span style=\"font-weight: 400;\">\u00a0o dirigint-se a la seg\u00fcent direcci\u00f3: C\/ Josep Pla, 43\u00a017230 \u2013 Palam\u00f3s<\/span><span style=\"font-weight: 400;\">.<\/span><\/p>\n<p style=\"text-align: justify;\"><span style=\"font-weight: 400;\">El Portal adopta pel tractament de les dades tots els mitjans t\u00e8cnics i organitzatius de seguretat que siguin d\u2019obligaci\u00f3, de conformitat amb l\u2019establert per la legislaci\u00f3 vigent.<\/span><\/p>\n<ol style=\"text-align: justify;\">\n<li style=\"font-weight: 400;\"><b>Propietat intel\u00b7lectual i industrial<\/b><\/li>\n<\/ol>\n<p style=\"text-align: justify;\"><span style=\"font-weight: 400;\">Tots els continguts, marques, logotips, dibuixos, documentaci\u00f3, programes inform\u00e0tics o qualsevol altre element susceptible de protecci\u00f3 per la llei de propietat intel\u00b7lectual o industrial, que siguin accessibles en el Portal corresponen exclusivament a l\u2019Empresa o als seus leg\u00edtims titulars i queden expressament reservats tots els drets sobre els mateixos. <\/span><\/p>\n<p style=\"text-align: justify;\"><span style=\"font-weight: 400;\">En qualsevol cas, el Portal es reserva tots els drets sobre els continguts, informaci\u00f3 de dades i serveis que ostenti sobre els mateixos. El Portal no concedeix cap llic\u00e8ncia o autoritzaci\u00f3 d\u2019\u00fas a l\u2019Usuari sobre els continguts, dades o serveis, diferent de la que expressament es detalla a les presents Condicions Generals d\u2019\u00das del Portal.<\/span><\/p>\n<ol style=\"text-align: justify;\">\n<li style=\"font-weight: 400;\"><b>Legislaci\u00f3 aplicable, jurisdicci\u00f3 competent i notificacions.<\/b><\/li>\n<\/ol>\n<p style=\"text-align: justify;\"><span style=\"font-weight: 400;\">Les presents Condicions es regeixen i s\u2019interpreten d\u2019acord amb les Lleis d\u2019Espanya. En el cas de qualsevol conflicte o discrep\u00e0ncia la jurisdicci\u00f3 competent ser\u00e0 la que estableixi la legislaci\u00f3 espanyola a la seva llei de consumidors i usuaris. Totes les notificacions, requeriments, peticions i altres comunicacions que l\u2019Usuari desitgi efectuar a l\u2019Empresa titular del Portal s\u2019hauran de realitzar per escrit i s\u2019entendr\u00e0 que estan realitzades correctament quan hagin estat rebudes al correu electr\u00f2nic<\/span><span style=\"font-weight: 400;\"> <a href=\"https:\/\/hotelancora.net\/contacto.html\">info@hotelancora.net<\/a><\/span><span style=\"font-weight: 400;\">\u00a0o a la seg\u00fcent direcci\u00f3 C\/ Josep Pla, 43,\u00a017230 \u2013 Palam\u00f3s<\/span><span style=\"font-weight: 400;\">.<\/span><\/p>\n<p style=\"text-align: justify;\"><b>13- Nul\u00b7litat i inefici\u00e8ncia de les cl\u00e0usules<\/b><\/p>\n<p style=\"text-align: justify;\"><span style=\"font-weight: 400;\">Si qualsevol cl\u00e0usula inclosa a les presents Condicions Generals fos declarada, total o parcialment, nul\u00b7la o inefica\u00e7, tal nul\u00b7litat o inefic\u00e0cia nom\u00e9s afectar\u00e0 a aquesta disposici\u00f3 o a la part de la mateixa que resulti nul\u00b7la o inefica\u00e7, subsistint a les presents condicions generals en tota la resta, considerant-se tal disposici\u00f3 total o parcialment no inclosa.<\/span><\/p>\n<ol style=\"text-align: justify;\">\n<li style=\"font-weight: 400;\"><b>Bona fe y dilig\u00e8ncia<\/b><\/li>\n<\/ol>\n<p style=\"text-align: justify;\"><span style=\"font-weight: 400;\">Les parts es comprometen a complir les seves obligacions i a exercitar els drets que es desprenguin de les presents condicions conforme a les m\u00e9s estrictes exig\u00e8ncies de la bona fe i dilig\u00e8ncia.<\/span><\/p>\n[\/vc_column_text][\/vc_column][\/vc_row]\n","protected":false},"excerpt":{"rendered":"<p>[vc_row][vc_column][\/vc_column][\/vc_row][vc_row][vc_column][vc_column_text] Les presents condicions generals d\u2019\u00fas de la p\u00e0gina web, regulen els termes i condicions d\u2019acc\u00e9s i \u00fas de www.hotelancora.net, propietat de Hotel \u00c0ncora S.C.\u00a0inscrita en el Registre Mercantil de Girona, \u00a0i amb domicili a C\/ Josep Pla, 43,\u00a017230 \u2013 Palam\u00f3s\u00a0i Codi de Identificaci\u00f3 Fiscal n\u00famero J17516311, endavant, \u00abla Empresa\u00bb, que el usuari del Portal&hellip;<\/p>\n","protected":false},"author":1,"featured_media":0,"parent":0,"menu_order":0,"comment_status":"closed","ping_status":"closed","template":"","meta":{"footnotes":""},"class_list":["post-1483","page","type-page","status-publish","hentry","entry","no-media"],"yoast_head":"<!-- This site is optimized with the Yoast SEO plugin v27.2 - https:\/\/yoast.com\/product\/yoast-seo-wordpress\/ -->\n<title>AVIS JURIDIQUE ET CONDITIONS D&#039;UTILISATION - Hotel Ancora<\/title>\n<meta name=\"robots\" content=\"index, follow, max-snippet:-1, max-image-preview:large, max-video-preview:-1\" \/>\n<link rel=\"canonical\" href=\"https:\/\/hotelancora.net\/fr\/avis-juridique-et-conditions-dutilisation\/\" \/>\n<meta property=\"og:locale\" content=\"fr_FR\" \/>\n<meta property=\"og:type\" content=\"article\" \/>\n<meta property=\"og:title\" content=\"AVIS JURIDIQUE ET CONDITIONS D&#039;UTILISATION - Hotel Ancora\" \/>\n<meta property=\"og:description\" content=\"[vc_row][vc_column][\/vc_column][\/vc_row][vc_row][vc_column][vc_column_text] Les presents condicions generals d\u2019\u00fas de la p\u00e0gina web, regulen els termes i condicions d\u2019acc\u00e9s i \u00fas de www.hotelancora.net, propietat de Hotel \u00c0ncora S.C.\u00a0inscrita en el Registre Mercantil de Girona, \u00a0i amb domicili a C\/ Josep Pla, 43,\u00a017230 \u2013 Palam\u00f3s\u00a0i Codi de Identificaci\u00f3 Fiscal n\u00famero J17516311, endavant, \u00abla Empresa\u00bb, que el usuari del Portal&hellip;\" \/>\n<meta property=\"og:url\" content=\"https:\/\/hotelancora.net\/fr\/avis-juridique-et-conditions-dutilisation\/\" \/>\n<meta property=\"og:site_name\" content=\"Hotel Ancora\" \/>\n<meta property=\"article:modified_time\" content=\"2018-05-25T10:38:18+00:00\" \/>\n<meta name=\"twitter:card\" content=\"summary_large_image\" \/>\n<meta name=\"twitter:label1\" content=\"Dur\u00e9e de lecture estim\u00e9e\" \/>\n\t<meta name=\"twitter:data1\" content=\"10 minutes\" \/>\n<script type=\"application\/ld+json\" class=\"yoast-schema-graph\">{\"@context\":\"https:\/\/schema.org\",\"@graph\":[{\"@type\":\"WebPage\",\"@id\":\"https:\/\/hotelancora.net\/fr\/avis-juridique-et-conditions-dutilisation\/\",\"url\":\"https:\/\/hotelancora.net\/fr\/avis-juridique-et-conditions-dutilisation\/\",\"name\":\"AVIS JURIDIQUE ET CONDITIONS D'UTILISATION - Hotel Ancora\",\"isPartOf\":{\"@id\":\"https:\/\/hotelancora.net\/#website\"},\"datePublished\":\"2018-04-07T17:45:20+00:00\",\"dateModified\":\"2018-05-25T10:38:18+00:00\",\"breadcrumb\":{\"@id\":\"https:\/\/hotelancora.net\/fr\/avis-juridique-et-conditions-dutilisation\/#breadcrumb\"},\"inLanguage\":\"fr-FR\",\"potentialAction\":[{\"@type\":\"ReadAction\",\"target\":[\"https:\/\/hotelancora.net\/fr\/avis-juridique-et-conditions-dutilisation\/\"]}]},{\"@type\":\"BreadcrumbList\",\"@id\":\"https:\/\/hotelancora.net\/fr\/avis-juridique-et-conditions-dutilisation\/#breadcrumb\",\"itemListElement\":[{\"@type\":\"ListItem\",\"position\":1,\"name\":\"Inici\",\"item\":\"https:\/\/hotelancora.net\/fr\/accueil\/\"},{\"@type\":\"ListItem\",\"position\":2,\"name\":\"AVIS JURIDIQUE ET CONDITIONS D&#8217;UTILISATION\"}]},{\"@type\":\"WebSite\",\"@id\":\"https:\/\/hotelancora.net\/#website\",\"url\":\"https:\/\/hotelancora.net\/\",\"name\":\"Hotel Ancora\",\"description\":\"\",\"potentialAction\":[{\"@type\":\"SearchAction\",\"target\":{\"@type\":\"EntryPoint\",\"urlTemplate\":\"https:\/\/hotelancora.net\/?s={search_term_string}\"},\"query-input\":{\"@type\":\"PropertyValueSpecification\",\"valueRequired\":true,\"valueName\":\"search_term_string\"}}],\"inLanguage\":\"fr-FR\"}]}<\/script>\n<!-- \/ Yoast SEO plugin. -->","yoast_head_json":{"title":"AVIS JURIDIQUE ET CONDITIONS D'UTILISATION - Hotel Ancora","robots":{"index":"index","follow":"follow","max-snippet":"max-snippet:-1","max-image-preview":"max-image-preview:large","max-video-preview":"max-video-preview:-1"},"canonical":"https:\/\/hotelancora.net\/fr\/avis-juridique-et-conditions-dutilisation\/","og_locale":"fr_FR","og_type":"article","og_title":"AVIS JURIDIQUE ET CONDITIONS D'UTILISATION - Hotel Ancora","og_description":"[vc_row][vc_column][\/vc_column][\/vc_row][vc_row][vc_column][vc_column_text] Les presents condicions generals d\u2019\u00fas de la p\u00e0gina web, regulen els termes i condicions d\u2019acc\u00e9s i \u00fas de www.hotelancora.net, propietat de Hotel \u00c0ncora S.C.\u00a0inscrita en el Registre Mercantil de Girona, \u00a0i amb domicili a C\/ Josep Pla, 43,\u00a017230 \u2013 Palam\u00f3s\u00a0i Codi de Identificaci\u00f3 Fiscal n\u00famero J17516311, endavant, \u00abla Empresa\u00bb, que el usuari del Portal&hellip;","og_url":"https:\/\/hotelancora.net\/fr\/avis-juridique-et-conditions-dutilisation\/","og_site_name":"Hotel Ancora","article_modified_time":"2018-05-25T10:38:18+00:00","twitter_card":"summary_large_image","twitter_misc":{"Dur\u00e9e de lecture estim\u00e9e":"10 minutes"},"schema":{"@context":"https:\/\/schema.org","@graph":[{"@type":"WebPage","@id":"https:\/\/hotelancora.net\/fr\/avis-juridique-et-conditions-dutilisation\/","url":"https:\/\/hotelancora.net\/fr\/avis-juridique-et-conditions-dutilisation\/","name":"AVIS JURIDIQUE ET CONDITIONS D'UTILISATION - Hotel Ancora","isPartOf":{"@id":"https:\/\/hotelancora.net\/#website"},"datePublished":"2018-04-07T17:45:20+00:00","dateModified":"2018-05-25T10:38:18+00:00","breadcrumb":{"@id":"https:\/\/hotelancora.net\/fr\/avis-juridique-et-conditions-dutilisation\/#breadcrumb"},"inLanguage":"fr-FR","potentialAction":[{"@type":"ReadAction","target":["https:\/\/hotelancora.net\/fr\/avis-juridique-et-conditions-dutilisation\/"]}]},{"@type":"BreadcrumbList","@id":"https:\/\/hotelancora.net\/fr\/avis-juridique-et-conditions-dutilisation\/#breadcrumb","itemListElement":[{"@type":"ListItem","position":1,"name":"Inici","item":"https:\/\/hotelancora.net\/fr\/accueil\/"},{"@type":"ListItem","position":2,"name":"AVIS JURIDIQUE ET CONDITIONS D&#8217;UTILISATION"}]},{"@type":"WebSite","@id":"https:\/\/hotelancora.net\/#website","url":"https:\/\/hotelancora.net\/","name":"Hotel Ancora","description":"","potentialAction":[{"@type":"SearchAction","target":{"@type":"EntryPoint","urlTemplate":"https:\/\/hotelancora.net\/?s={search_term_string}"},"query-input":{"@type":"PropertyValueSpecification","valueRequired":true,"valueName":"search_term_string"}}],"inLanguage":"fr-FR"}]}},"_links":{"self":[{"href":"https:\/\/hotelancora.net\/fr\/wp-json\/wp\/v2\/pages\/1483","targetHints":{"allow":["GET"]}}],"collection":[{"href":"https:\/\/hotelancora.net\/fr\/wp-json\/wp\/v2\/pages"}],"about":[{"href":"https:\/\/hotelancora.net\/fr\/wp-json\/wp\/v2\/types\/page"}],"author":[{"embeddable":true,"href":"https:\/\/hotelancora.net\/fr\/wp-json\/wp\/v2\/users\/1"}],"replies":[{"embeddable":true,"href":"https:\/\/hotelancora.net\/fr\/wp-json\/wp\/v2\/comments?post=1483"}],"version-history":[{"count":3,"href":"https:\/\/hotelancora.net\/fr\/wp-json\/wp\/v2\/pages\/1483\/revisions"}],"predecessor-version":[{"id":1681,"href":"https:\/\/hotelancora.net\/fr\/wp-json\/wp\/v2\/pages\/1483\/revisions\/1681"}],"wp:attachment":[{"href":"https:\/\/hotelancora.net\/fr\/wp-json\/wp\/v2\/media?parent=1483"}],"curies":[{"name":"wp","href":"https:\/\/api.w.org\/{rel}","templated":true}]}}